{"id":29,"date":"2022-05-26T14:19:34","date_gmt":"2022-05-26T14:19:34","guid":{"rendered":"https:\/\/canteramontesdeoca.com.uy\/?page_id=29"},"modified":"2022-07-14T14:53:22","modified_gmt":"2022-07-14T14:53:22","slug":"nosotros","status":"publish","type":"page","link":"https:\/\/canteramontesdeoca.com.uy\/pt\/nosotros\/","title":{"rendered":"Nosotros"},"content":{"rendered":"<p>[vc_section full_width=&#8221;stretch_row&#8221; full_height=&#8221;yes&#8221; content_placement=&#8221;middle&#8221; woodmart_bg_position=&#8221;center-center&#8221; woodmart_gradient_switch=&#8221;no&#8221; css=&#8221;.vc_custom_1657042695669{margin-top: -50px !important;margin-bottom: 80px !important;padding-top: 150px !important;padding-bottom: 150px !important;background-image: url(https:\/\/canteramontesdeoca.com.uy\/wp-content\/uploads\/2022\/06\/Julio.jpg?id=246) !important;background-position: center !important;background-repeat: no-repeat !important;background-size: cover !important;}&#8221; woodmart_box_shadow=&#8221;no&#8221; wd_z_index=&#8221;no&#8221; woodmart_css_id=&#8221;62c476fe4e3cc&#8221; responsive_spacing=&#8221;eyJwYXJhbV90eXBlIjoid29vZG1hcnRfcmVzcG9uc2l2ZV9zcGFjaW5nIiwic2VsZWN0b3JfaWQiOiI2MmM0NzZmZTRlM2NjIiwic2hvcnRjb2RlIjoidmNfc2VjdGlvbiIsImRhdGEiOnsidGFibGV0Ijp7InBhZGRpbmctdG9wIjoiMTcwcHgiLCJwYWRkaW5nLWJvdHRvbSI6IjE3MHB4In0sIm1vYmlsZSI6eyJwYWRkaW5nLXRvcCI6IjE1MHB4IiwicGFkZGluZy1ib3R0b20iOiIxNTBweCJ9fX0=&#8221; mobile_bg_img_hidden=&#8221;no&#8221; tablet_bg_img_hidden=&#8221;no&#8221; woodmart_parallax=&#8221;0&#8243; woodmart_disable_overflow=&#8221;0&#8243;][vc_row css=&#8221;.vc_custom_1500277816326{margin-right: 15px !important;margin-left: 15px !important;}&#8221;][vc_column width=&#8221;7\/12&#8243; css=&#8221;.vc_custom_1655218144036{padding-top: 40px !important;padding-right: 40px !important;padding-bottom: 10px !important;padding-left: 40px !important;background-color: #ffffff !important;}&#8221; woodmart_box_shadow=&#8221;no&#8221; wd_z_index=&#8221;no&#8221; woodmart_css_id=&#8221;62a89fdc01566&#8243; responsive_spacing=&#8221;eyJwYXJhbV90eXBlIjoid29vZG1hcnRfcmVzcG9uc2l2ZV9zcGFjaW5nIiwic2VsZWN0b3JfaWQiOiI2MmE4OWZkYzAxNTY2Iiwic2hvcnRjb2RlIjoidmNfY29sdW1uIiwiZGF0YSI6eyJ0YWJsZXQiOnt9LCJtb2JpbGUiOnt9fX0=&#8221; parallax_scroll=&#8221;no&#8221; mobile_bg_img_hidden=&#8221;no&#8221; tablet_bg_img_hidden=&#8221;no&#8221; woodmart_parallax=&#8221;0&#8243; woodmart_sticky_column=&#8221;false&#8221; mobile_reset_margin=&#8221;no&#8221; tablet_reset_margin=&#8221;no&#8221; wd_collapsible_content_switcher=&#8221;no&#8221; wd_column_role_offcanvas_desktop=&#8221;no&#8221; wd_column_role_offcanvas_tablet=&#8221;no&#8221; wd_column_role_offcanvas_mobile=&#8221;no&#8221; wd_column_role_content_desktop=&#8221;no&#8221; wd_column_role_content_tablet=&#8221;no&#8221; wd_column_role_content_mobile=&#8221;no&#8221;]\n\t\t<div id=\"wd-62d02cc19bca2\" class=\"title-wrapper wd-wpb set-mb-s reset-last-child  wd-rs-62d02cc19bca2 wd-title-color-default wd-title-style-default wd-width-100 text-left  wd-underline-colored\">\n\t\t\t\n\t\t\t<div class=\"liner-continer\">\n\t\t\t\t<h4 class=\"woodmart-title-container title  wd-font-weight- wd-fontsize-xxxl\" >UM POUCO DE HIST\u00d3RIA<\/h4>\n\t\t\t\t\t\t\t<\/div>\n\t\t\t\n\t\t\t\n\t\t\t\n\t\t<\/div>\n\t\t\n\t\t[vc_row_inner][vc_column_inner css=&#8221;.vc_custom_1500283497886{padding-top: 0px !important;}&#8221; offset=&#8221;vc_col-lg-6 vc_col-md-6&#8243;]\t\t<div id=\"wd-62d02cd35183c\" class=\"wd-text-block wd-wpb reset-last-child wd-rs-62d02cd35183c wd-width-100 text-left wd-fontsize-custom vc_custom_1657810144088\">\n\t\t\t<p class=\"p1\">Em 2002, a fam\u00edlia Cantera Montes de Oca formada por Fernanda Montes de Oca e Julio Cantera se estabeleceu em Pe\u00f1arol Viejo, criando o Estabelecimento Los Teros, em 2006 se aventuraram na fruticultura com planta\u00e7\u00f5es de mirtilo. Com o tempo, esse neg\u00f3cio foi se transformando, e em busca de um novo projeto, o sonho de possuir uma vinha come\u00e7ou a ganhar forma&#8230;<\/p>\n\t\t<\/div>\n\t\t[\/vc_column_inner][vc_column_inner offset=&#8221;vc_col-lg-6 vc_col-md-6&#8243;]\t\t<div id=\"wd-62d02ce2d3ac0\" class=\"wd-text-block wd-wpb reset-last-child wd-rs-62d02ce2d3ac0 wd-width-100 text-left wd-fontsize-custom vc_custom_1657810160975\">\n\t\t\t<p class=\"p1\">e de uma pequena vin\u00edcola boutique, voltada para vinhos de alta qualidade. Isto levou, em 2017, \u00e0 aquisi\u00e7\u00e3o de uma propriedade de 10 hectares, localizada em Pe\u00f1arol Viejo, adjacente \u00e0 casa da fam\u00edlia onde o casal vive com as tr\u00eas filhas.<\/p>\n\t\t<\/div>\n\t\t[\/vc_column_inner][\/vc_row_inner][vc_separator color=&#8221;custom&#8221; accent_color=&#8221;rgba(130,130,130,0.22)&#8221; css=&#8221;.vc_custom_1500278392469{margin-bottom: 30px !important;}&#8221;][vc_row_inner woodmart_box_shadow=&#8221;no&#8221; wd_z_index=&#8221;no&#8221; woodmart_css_id=&#8221;6152fe10c2c39&#8243; responsive_spacing=&#8221;eyJwYXJhbV90eXBlIjoid29vZG1hcnRfcmVzcG9uc2l2ZV9zcGFjaW5nIiwic2VsZWN0b3JfaWQiOiI2MTUyZmUxMGMyYzM5Iiwic2hvcnRjb2RlIjoidmNfcm93X2lubmVyIiwiZGF0YSI6eyJ0YWJsZXQiOnt9LCJtb2JpbGUiOnt9fX0=&#8221; row_reverse_mobile=&#8221;0&#8243; row_reverse_tablet=&#8221;0&#8243;][vc_column_inner width=&#8221;1\/2&#8243; css=&#8221;.vc_custom_1500278890890{margin-bottom: 0px !important;}&#8221;][vc_btn title=&#8221;CONTINUE LENDO&#8221; color=&#8221;black&#8221; i_icon_fontawesome=&#8221;fas fa-arrow-down&#8221; add_icon=&#8221;true&#8221; link=&#8221;url:%23historia&#8221;][\/vc_column_inner][vc_column_inner width=&#8221;1\/2&#8243; css=&#8221;.vc_custom_1500278885623{margin-bottom: 0px !important;}&#8221;]\t\t<div id=\"wd-62c476e01b685\" class=\"wd-image wd-wpb wd-rs-62c476e01b685 text-right vc_custom_1657042664814\">\n\t\t\t\n\t\t\t<img decoding=\"async\"  src=\"https:\/\/canteramontesdeoca.com.uy\/wp-content\/uploads\/2022\/07\/Firma_Julio.svg\" title=\"Firma_Julio\" width=\"150\" height=\"74\">\n\t\t\t\t\t<\/div>\n\t\t[\/vc_column_inner][\/vc_row_inner][\/vc_column][\/vc_row][\/vc_section][vc_row full_width=&#8221;stretch_row&#8221; content_placement=&#8221;middle&#8221; woodmart_bg_position=&#8221;left-center&#8221; row_reverse_mobile=&#8221;1&#8243; row_reverse_tablet=&#8221;1&#8243; css=&#8221;.vc_custom_1655218830837{margin-bottom: 40px !important;background-image: url(https:\/\/canteramontesdeoca.com.uy\/wp-content\/uploads\/2022\/06\/wine-left-side-vector-1.jpg?id=) !important;background-position: center !important;background-repeat: no-repeat !important;background-size: contain !important;}&#8221; woodmart_css_id=&#8221;62a8a2880f050&#8243; responsive_spacing=&#8221;eyJwYXJhbV90eXBlIjoid29vZG1hcnRfcmVzcG9uc2l2ZV9zcGFjaW5nIiwic2VsZWN0b3JfaWQiOiI2MmE4YTI4ODBmMDUwIiwic2hvcnRjb2RlIjoidmNfcm93IiwiZGF0YSI6eyJ0YWJsZXQiOnt9LCJtb2JpbGUiOnsibWFyZ2luLWJvdHRvbSI6IjIwcHgifX19&#8243; mobile_bg_img_hidden=&#8221;yes&#8221; tablet_bg_img_hidden=&#8221;yes&#8221; woodmart_parallax=&#8221;0&#8243; woodmart_gradient_switch=&#8221;no&#8221; woodmart_disable_overflow=&#8221;0&#8243; el_id=&#8221;historia&#8221; woodmart_box_shadow=&#8221;no&#8221; wd_z_index=&#8221;no&#8221;][vc_column css=&#8221;.vc_custom_1628760709527{margin-bottom: 40px !important;padding-top: 0px !important;}&#8221; offset=&#8221;vc_col-lg-6 vc_col-md-6&#8243; mobile_bg_img_hidden=&#8221;no&#8221; woodmart_parallax=&#8221;0&#8243; woodmart_sticky_column=&#8221;false&#8221; parallax_scroll=&#8221;no&#8221; mobile_reset_margin=&#8221;no&#8221; tablet_reset_margin=&#8221;no&#8221; woodmart_css_id=&#8221;6114ea82e9851&#8243; responsive_spacing=&#8221;eyJwYXJhbV90eXBlIjoid29vZG1hcnRfcmVzcG9uc2l2ZV9zcGFjaW5nIiwic2VsZWN0b3JfaWQiOiI2MTE0ZWE4MmU5ODUxIiwic2hvcnRjb2RlIjoidmNfY29sdW1uIiwiZGF0YSI6eyJ0YWJsZXQiOnt9LCJtb2JpbGUiOnt9fX0=&#8221; tablet_bg_img_hidden=&#8221;no&#8221;]\n\t\t<div id=\"wd-62d02d0beae62\" class=\"title-wrapper wd-wpb set-mb-s reset-last-child  wd-rs-62d02d0beae62 wd-title-color-default wd-title-style-default wd-width-custom text-left vc_custom_1657810198584 wd-underline-colored\">\n\t\t\t\n\t\t\t<div class=\"liner-continer\">\n\t\t\t\t<h4 class=\"woodmart-title-container title  wd-font-weight- wd-fontsize-xxxl\" >NOSSO SONHO<\/h4>\n\t\t\t\t\t\t\t<\/div>\n\t\t\t\n\t\t\t\n\t\t\t\n\t\t<\/div>\n\t\t\n\t\t\t\t<div id=\"wd-62d02d1b6de6b\" class=\"wd-text-block wd-wpb reset-last-child wd-rs-62d02d1b6de6b wd-width-90 text-left wd-fontsize-s vc_custom_1657810220464\">\n\t\t\t<p>Ao descobrir o mundo dos vinhos, quisemos desenvolver e produzir produtos de alta qualidade com personalidade pr\u00f3pria, respeitando os mais elevados padr\u00f5es de qualidade a que podemos aceder, cuidando dos custos de produ\u00e7\u00e3o e apostando num neg\u00f3cio rent\u00e1vel, sustent\u00e1vel e sustent\u00e1vel ao longo do tempo. .<\/p>\n<p>Contribuir tamb\u00e9m para o desenvolvimento da ind\u00fastria do enoturismo no estabelecimento e atingir nichos de mercado, com elevado n\u00edvel de procura, local ou estrangeiro que pagam pela excel\u00eancia de um produto diferenciado.<\/p>\n\t\t<\/div>\n\t\t[vc_btn title=&#8221;NOSSA EQUIPE&#8221; color=&#8221;black&#8221; i_icon_fontawesome=&#8221;fas fa-arrow-down&#8221; add_icon=&#8221;true&#8221; link=&#8221;url:%23equipo&#8221;][\/vc_column][vc_column css=&#8221;.vc_custom_1628760705251{margin-bottom: 40px !important;padding-top: 0px !important;}&#8221; offset=&#8221;vc_col-lg-6 vc_col-md-6&#8243; woodmart_css_id=&#8221;6114ea7e2623f&#8221; responsive_spacing=&#8221;eyJwYXJhbV90eXBlIjoid29vZG1hcnRfcmVzcG9uc2l2ZV9zcGFjaW5nIiwic2VsZWN0b3JfaWQiOiI2MTE0ZWE3ZTI2MjNmIiwic2hvcnRjb2RlIjoidmNfY29sdW1uIiwiZGF0YSI6eyJ0YWJsZXQiOnt9LCJtb2JpbGUiOnt9fX0=&#8221; parallax_scroll=&#8221;no&#8221; mobile_bg_img_hidden=&#8221;no&#8221; tablet_bg_img_hidden=&#8221;no&#8221; woodmart_parallax=&#8221;0&#8243; woodmart_sticky_column=&#8221;false&#8221; mobile_reset_margin=&#8221;no&#8221; tablet_reset_margin=&#8221;no&#8221;]\t\t<div id=\"wd-62a8a93252959\" class=\"wd-image wd-wpb wd-rs-62a8a93252959 text-center vc_custom_1655220549947\">\n\t\t\t\n\t\t\t<img decoding=\"async\" width=\"687\" height=\"800\" src=\"https:\/\/canteramontesdeoca.com.uy\/wp-content\/uploads\/2022\/06\/Historia_base.jpg\" class=\"attachment-full\" alt=\"\" title=\"Historia_base\" srcset=\"https:\/\/canteramontesdeoca.com.uy\/wp-content\/uploads\/2022\/06\/Historia_base.jpg 687w, https:\/\/canteramontesdeoca.com.uy\/wp-content\/uploads\/2022\/06\/Historia_base-150x175.jpg 150w, https:\/\/canteramontesdeoca.com.uy\/wp-content\/uploads\/2022\/06\/Historia_base-600x699.jpg 600w, https:\/\/canteramontesdeoca.com.uy\/wp-content\/uploads\/2022\/06\/Historia_base-258x300.jpg 258w\" sizes=\"(max-width: 687px) 100vw, 687px\" \/>\n\t\t\t\t\t<\/div>\n\t\t[\/vc_column][\/vc_row][vc_row css=&#8221;.vc_custom_1655221539703{margin-bottom: 50px !important;}&#8221; woodmart_css_id=&#8221;62a8ad1a1b8cf&#8221; responsive_spacing=&#8221;eyJwYXJhbV90eXBlIjoid29vZG1hcnRfcmVzcG9uc2l2ZV9zcGFjaW5nIiwic2VsZWN0b3JfaWQiOiI2MmE4YWQxYTFiOGNmIiwic2hvcnRjb2RlIjoidmNfcm93IiwiZGF0YSI6eyJ0YWJsZXQiOnt9LCJtb2JpbGUiOnt9fX0=&#8221; mobile_bg_img_hidden=&#8221;no&#8221; tablet_bg_img_hidden=&#8221;no&#8221; woodmart_parallax=&#8221;0&#8243; woodmart_gradient_switch=&#8221;no&#8221; woodmart_box_shadow=&#8221;no&#8221; wd_z_index=&#8221;no&#8221; woodmart_disable_overflow=&#8221;0&#8243; row_reverse_mobile=&#8221;0&#8243; row_reverse_tablet=&#8221;0&#8243; el_id=&#8221;equipo&#8221;][vc_column]\n\t\t<div id=\"wd-62d02d68e8009\" class=\"title-wrapper wd-wpb set-mb-s reset-last-child  wd-rs-62d02d68e8009 wd-title-color-primary wd-title-style-bordered wd-width-100 text-center vc_custom_1657810294225 wd-underline-colored\">\n\t\t\t\t\t\t\t<div class=\"title-subtitle  subtitle-color-primary font-default subtitle-style-default wd-font-weight- wd-fontsize-m\">QUEM SOMOS<\/div>\n\t\t\t\n\t\t\t<div class=\"liner-continer\">\n\t\t\t\t<h4 class=\"woodmart-title-container title  wd-font-weight- wd-fontsize-xxxl\" >NOSSA EQUIPE<\/h4>\n\t\t\t\t\t\t\t<\/div>\n\t\t\t\n\t\t\t\n\t\t\t\n\t\t<\/div>\n\t\t\n\t\t[vc_empty_space woodmart_hide_large=&#8221;0&#8243; woodmart_hide_medium=&#8221;0&#8243; woodmart_hide_small=&#8221;0&#8243;][vc_row_inner content_placement=&#8221;top&#8221;][vc_column_inner width=&#8221;1\/4&#8243;]<div class=\"team-member wd-wpb text-center  member-layout-default\"><div class=\"member-image-wrapper\"><div class=\"member-image\"><img decoding=\"async\" class=\"team-member-avatar-image \" src=\"https:\/\/canteramontesdeoca.com.uy\/wp-content\/uploads\/2022\/06\/Julio-1-150x150.jpg\" width=\"150\" height=\"150\" alt=\"Julio\" title=\"Julio\" \/><\/div><\/div><div class=\"member-details\"><h4 class=\"member-name\">Julio Cantera<\/h4><div class=\"member-bio\"><\/p>\n<p class=\"p1\">S\u00f3cio Diretor na Cantera Montes de Oca<\/p>\n<p><\/div><\/div><\/div>[\/vc_column_inner][vc_column_inner width=&#8221;1\/4&#8243;]<div class=\"team-member wd-wpb text-center  member-layout-default\"><div class=\"member-image-wrapper\"><div class=\"member-image\"><img decoding=\"async\" class=\"team-member-avatar-image \" src=\"https:\/\/canteramontesdeoca.com.uy\/wp-content\/uploads\/2022\/06\/Fernanda-150x150.jpg\" width=\"150\" height=\"150\" alt=\"Fernanda\" title=\"Fernanda\" \/><\/div><\/div><div class=\"member-details\"><h4 class=\"member-name\">Fernanda Montes de Oca<\/h4><div class=\"member-bio\"><\/p>\n<p class=\"p1\">Engenheiro Agr\u00f4nomo, Diretor, Gerenciamento T\u00e9cnico de Campo<\/p>\n<p><\/div><\/div><\/div>[\/vc_column_inner][vc_column_inner width=&#8221;1\/4&#8243;]<div class=\"team-member wd-wpb text-center  member-layout-default\"><div class=\"member-image-wrapper\"><div class=\"member-image\"><img decoding=\"async\" class=\"team-member-avatar-image \" src=\"https:\/\/canteramontesdeoca.com.uy\/wp-content\/uploads\/2022\/06\/Nestor-150x150.jpg\" width=\"150\" height=\"150\" alt=\"Nestor\" title=\"Nestor\" \/><\/div><\/div><div class=\"member-details\"><h4 class=\"member-name\">N\u00e9stor Merino<\/h4><div class=\"member-bio\"><\/p>\n<p class=\"p1\">Engenheiro Agr\u00f4nomo, Assessor T\u00e9cnico Vinhedo, Assessor CREA<\/p>\n<p><\/div><\/div><\/div>[\/vc_column_inner][vc_column_inner width=&#8221;1\/4&#8243;]<div class=\"team-member wd-wpb text-center  member-layout-default\"><div class=\"member-image-wrapper\"><div class=\"member-image\"><img decoding=\"async\" class=\"team-member-avatar-image \" src=\"https:\/\/canteramontesdeoca.com.uy\/wp-content\/uploads\/2022\/06\/Jose-150x150.jpg\" width=\"150\" height=\"150\" alt=\"Jose\" title=\"Jose\" \/><\/div><\/div><div class=\"member-details\"><h4 class=\"member-name\">Jos\u00e9 Lez<\/h4><div class=\"member-bio\"><\/p>\n<p class=\"p1\">En\u00f3logo, Respons\u00e1vel T\u00e9cnico da Adega<\/p>\n<p><\/div><\/div><\/div>[\/vc_column_inner][\/vc_row_inner][\/vc_column][\/vc_row]<\/p>\n","protected":false},"excerpt":{"rendered":"<p>[vc_section full_width=&#8221;stretch_row&#8221; full_height=&#8221;yes&#8221; content_placement=&#8221;middle&#8221; woodmart_bg_position=&#8221;center-center&#8221; woodmart_gradient_switch=&#8221;no&#8221; css=&#8221;.vc_custom_1657042695669{margin-top: -50px !important;margin-bottom: 80px !important;padding-top: 150px !important;padding-bottom: 150px !important;background-image: url(https:\/\/canteramontesdeoca.com.uy\/wp-content\/uploads\/2022\/06\/Julio.jpg?id=246) !important;background-position: center !important;background-repeat: no-repeat<\/p>\n","protected":false},"author":1,"featured_media":0,"parent":0,"menu_order":0,"comment_status":"closed","ping_status":"closed","template":"","meta":{"_joinchat":[],"footnotes":""},"class_list":["post-29","page","type-page","status-publish","hentry"],"_links":{"self":[{"href":"https:\/\/canteramontesdeoca.com.uy\/pt\/wp-json\/wp\/v2\/pages\/29","targetHints":{"allow":["GET"]}}],"collection":[{"href":"https:\/\/canteramontesdeoca.com.uy\/pt\/wp-json\/wp\/v2\/pages"}],"about":[{"href":"https:\/\/canteramontesdeoca.com.uy\/pt\/wp-json\/wp\/v2\/types\/page"}],"author":[{"embeddable":true,"href":"https:\/\/canteramontesdeoca.com.uy\/pt\/wp-json\/wp\/v2\/users\/1"}],"replies":[{"embeddable":true,"href":"https:\/\/canteramontesdeoca.com.uy\/pt\/wp-json\/wp\/v2\/comments?post=29"}],"version-history":[{"count":0,"href":"https:\/\/canteramontesdeoca.com.uy\/pt\/wp-json\/wp\/v2\/pages\/29\/revisions"}],"wp:attachment":[{"href":"https:\/\/canteramontesdeoca.com.uy\/pt\/wp-json\/wp\/v2\/media?parent=29"}],"curies":[{"name":"wp","href":"https:\/\/api.w.org\/{rel}","templated":true}]}}