{"id":697,"date":"2023-09-22T20:16:39","date_gmt":"2023-09-22T20:16:39","guid":{"rendered":"https:\/\/canteramontesdeoca.com.uy\/?post_type=product&#038;p=697"},"modified":"2025-08-12T21:06:05","modified_gmt":"2025-08-12T21:06:05","slug":"tannat-alma-terroir-parcela-2b","status":"publish","type":"product","link":"https:\/\/canteramontesdeoca.com.uy\/pt\/producto\/tannat-alma-terroir-parcela-2b\/","title":{"rendered":"Tannat Alma Terroir \u2022 Parcela 2B"},"content":{"rendered":"<p>[vc_row][vc_column][vc_row_inner][vc_column_inner width=&#8221;1\/2&#8243;]\n\t\t<div id=\"wd-62d0552d80591\" class=\"title-wrapper wd-wpb set-mb-s reset-last-child  wd-rs-62d0552d80591 wd-title-color-default wd-title-style-default wd-width-100 text-left  wd-underline-colored\">\n\t\t\t\n\t\t\t<div class=\"liner-continer\">\n\t\t\t\t<h4 class=\"woodmart-title-container title  wd-font-weight- wd-fontsize-xxl\" >Sobre o vinho<\/h4>\n\t\t\t\t\t\t\t<\/div>\n\t\t\t\n\t\t\t\n\t\t\t\n\t\t<\/div>\n\t\t\n\t\t[vc_column_text woodmart_inline=&#8221;no&#8221; text_larger=&#8221;no&#8221;]Esse vinho prov\u00e9m dos nossos pr\u00f3prios vinhedos de Tannat, com uma express\u00e3o definida e forte na qualidade de um dos nossos terroirs em &#8220;Pe\u00f1arol Viejo&#8221;, Parcela 2 B. Essa localiza\u00e7\u00e3o \u00e9 um dos marcos do nosso projeto. A variedade Tannat tem mostrado sua excepcional adapta\u00e7\u00e3o em nosso pa\u00eds, gra\u00e7as \u00e0 combina\u00e7\u00e3o de tr\u00eas fatores fundamentais: solo, clima e o trabalho humano, que lhe conferiram uma personalidade distintiva como principal variedade do Uruguai. Com esse foco, contamos com dois territ\u00f3rios significativos, cada um com caracter\u00edsticas particulares em suas parcelas.[\/vc_column_text][\/vc_column_inner][vc_column_inner width=&#8221;1\/2&#8243;]\n\t\t<div id=\"wd-62d055424aa31\" class=\"title-wrapper wd-wpb set-mb-s reset-last-child  wd-rs-62d055424aa31 wd-title-color-default wd-title-style-default wd-width-100 text-left  wd-underline-colored\">\n\t\t\t\n\t\t\t<div class=\"liner-continer\">\n\t\t\t\t<h4 class=\"woodmart-title-container title  wd-font-weight- wd-fontsize-xxl\" >Detalhes<\/h4>\n\t\t\t\t\t\t\t<\/div>\n\t\t\t\n\t\t\t\n\t\t\t\n\t\t<\/div>\n\t\t\n\t\t[vc_column_text woodmart_inline=&#8221;no&#8221; text_larger=&#8221;no&#8221;]<\/p>\n<h2>Vinhedo<\/h2>\n<p>Pe\u00f1arol Viejo<\/p>\n<h2>Composi\u00e7\u00e3o<\/h2>\n<p>Tannat 100%.<\/p>\n<h2>Descri\u00e7\u00e3o<\/h2>\n<p><strong>Colheita:<\/strong> manual.<br \/>\n<strong>Teor Alco\u00f3lico:<\/strong> 13.8% vol.<br \/>\n<strong>A\u00e7\u00facar residual:<\/strong> 2,1 g\/l<br \/>\n<strong>Vinifica\u00e7\u00e3o:<\/strong> Macera\u00e7\u00e3o pr\u00e9-fermentativa a frio, fermenta\u00e7\u00e3o com leveduras e microrganismos selecionados, macera\u00e7\u00e3o p\u00f3s-fermentativa.[\/vc_column_text][\/vc_column_inner][\/vc_row_inner][\/vc_column][\/vc_row]<\/p>\n","protected":false},"excerpt":{"rendered":"<p><strong>Notas de Degusta\u00e7\u00e3o:<\/strong> Este vinho, de cor rubi muito intensa com tons viol\u00e1ceos, apresenta uma densidade excepcional, alcan\u00e7ada atrav\u00e9s dos nossos sistemas de vinifica\u00e7\u00e3o. Possui um aroma intenso que destaca frutas vermelhas, figo, groselha negra, chocolate e notas de especiarias, caracter\u00edsticas fundamentais desta variedade. Este excelente varietal oferece uma experi\u00eancia que nos transporta para o vinhedo, com um grande potencial polifen\u00f3lico, taninos suaves e equilibrados, e antocianinas. Na degusta\u00e7\u00e3o, sua harmonia com a acidez real\u00e7a notas de frutas maduras. Possui uma longa persist\u00eancia em boca e uma express\u00e3o muito frutada de seus aromas.<\/p>\n","protected":false},"featured_media":695,"comment_status":"open","ping_status":"closed","template":"","meta":{"_joinchat":[]},"product_brand":[],"product_cat":[25,16],"product_tag":[],"class_list":{"0":"post-697","1":"product","2":"type-product","3":"status-publish","4":"has-post-thumbnail","6":"product_cat-tannat","7":"product_cat-tintos","9":"first","10":"instock","11":"shipping-taxable","12":"purchasable","13":"product-type-simple"},"_links":{"self":[{"href":"https:\/\/canteramontesdeoca.com.uy\/pt\/wp-json\/wp\/v2\/product\/697","targetHints":{"allow":["GET"]}}],"collection":[{"href":"https:\/\/canteramontesdeoca.com.uy\/pt\/wp-json\/wp\/v2\/product"}],"about":[{"href":"https:\/\/canteramontesdeoca.com.uy\/pt\/wp-json\/wp\/v2\/types\/product"}],"replies":[{"embeddable":true,"href":"https:\/\/canteramontesdeoca.com.uy\/pt\/wp-json\/wp\/v2\/comments?post=697"}],"wp:featuredmedia":[{"embeddable":true,"href":"https:\/\/canteramontesdeoca.com.uy\/pt\/wp-json\/wp\/v2\/media\/695"}],"wp:attachment":[{"href":"https:\/\/canteramontesdeoca.com.uy\/pt\/wp-json\/wp\/v2\/media?parent=697"}],"wp:term":[{"taxonomy":"product_brand","embeddable":true,"href":"https:\/\/canteramontesdeoca.com.uy\/pt\/wp-json\/wp\/v2\/product_brand?post=697"},{"taxonomy":"product_cat","embeddable":true,"href":"https:\/\/canteramontesdeoca.com.uy\/pt\/wp-json\/wp\/v2\/product_cat?post=697"},{"taxonomy":"product_tag","embeddable":true,"href":"https:\/\/canteramontesdeoca.com.uy\/pt\/wp-json\/wp\/v2\/product_tag?post=697"}],"curies":[{"name":"wp","href":"https:\/\/api.w.org\/{rel}","templated":true}]}}