{"id":843,"date":"2024-12-13T14:32:38","date_gmt":"2024-12-13T14:32:38","guid":{"rendered":"https:\/\/canteramontesdeoca.com.uy\/?post_type=product&#038;p=843"},"modified":"2025-08-12T21:04:59","modified_gmt":"2025-08-12T21:04:59","slug":"viognier-alma-terroir","status":"publish","type":"product","link":"https:\/\/canteramontesdeoca.com.uy\/pt\/producto\/viognier-alma-terroir\/","title":{"rendered":"Viognier Alma Terroir"},"content":{"rendered":"<p>[vc_row][vc_column][vc_row_inner][vc_column_inner width=&#8221;1\/2&#8243;]\n\t\t<div id=\"wd-62d0552d80591\" class=\"title-wrapper wd-wpb set-mb-s reset-last-child  wd-rs-62d0552d80591 wd-title-color-default wd-title-style-default wd-width-100 text-left  wd-underline-colored\">\n\t\t\t\n\t\t\t<div class=\"liner-continer\">\n\t\t\t\t<h4 class=\"woodmart-title-container title  wd-font-weight- wd-fontsize-xxl\" >Sobre o vinho<\/h4>\n\t\t\t\t\t\t\t<\/div>\n\t\t\t\n\t\t\t\n\t\t\t\n\t\t<\/div>\n\t\t\n\t\t[vc_column_text woodmart_inline=&#8221;no&#8221; text_larger=&#8221;no&#8221;]As uvas do nosso Viognier v\u00eam dos nossos pr\u00f3prios vinhedos, na regi\u00e3o de Pe\u00f1arol Viejo, uma \u00e1rea ideal para o cultivo da videira. Um microclima dentro da pr\u00f3pria propriedade proporciona caracter\u00edsticas especiais, gra\u00e7as \u00e0 topografia com leves ondula\u00e7\u00f5es do solo e sua singularidade. Um clima com dias quentes permite a matura\u00e7\u00e3o completa das uvas, criando sabores de frutas frescas, enquanto as noites frescas ajudam a preservar o equil\u00edbrio natural das uvas. A colheita \u00e9 feita manualmente, em pequenas caixas, nas primeiras horas do dia, levando as uvas para c\u00e2maras frigor\u00edficas, onde, em poucas horas, sua temperatura \u00e9 reduzida aos requisitos enol\u00f3gicos.[\/vc_column_text][\/vc_column_inner][vc_column_inner width=&#8221;1\/2&#8243;]\n\t\t<div id=\"wd-62d055424aa31\" class=\"title-wrapper wd-wpb set-mb-s reset-last-child  wd-rs-62d055424aa31 wd-title-color-default wd-title-style-default wd-width-100 text-left  wd-underline-colored\">\n\t\t\t\n\t\t\t<div class=\"liner-continer\">\n\t\t\t\t<h4 class=\"woodmart-title-container title  wd-font-weight- wd-fontsize-xxl\" >Detalhes<\/h4>\n\t\t\t\t\t\t\t<\/div>\n\t\t\t\n\t\t\t\n\t\t\t\n\t\t<\/div>\n\t\t\n\t\t[vc_column_text woodmart_inline=&#8221;no&#8221; text_larger=&#8221;no&#8221;]<\/p>\n<h2>Vinhedo<\/h2>\n<p>Pe\u00f1arol Viejo<\/p>\n<h2>Composi\u00e7\u00e3o<\/h2>\n<p>Viognier 100%.<\/p>\n<h2>Descri\u00e7\u00e3o<\/h2>\n<p><strong>\u00b7 Colheita:<\/strong> Manual.<br \/>\n<strong>\u00b7 Teor Alco\u00f3lico:<\/strong> 13,2% vol.<br \/>\n<strong>\u00b7 Acidez geral:<\/strong> 3,45 g\/l<br \/>\n<strong>\u00b7 A\u00e7\u00facar residual:<\/strong> 1,5 g\/l<br \/>\n<strong>\u00b7 Vinifica\u00e7\u00e3o:<\/strong> Macera\u00e7\u00e3o pelicular, fermenta\u00e7\u00e3o com<br \/>\nleveduras selecionadas, matura\u00e7\u00e3o em barricas novas de<br \/>\ncarvalho franc\u00eas e trabalho com borras[\/vc_column_text][\/vc_column_inner][\/vc_row_inner][\/vc_column][\/vc_row]<\/p>\n","protected":false},"excerpt":{"rendered":"<p><strong>Notas de Degusta\u00e7\u00e3o:<\/strong> M\u00e1xima express\u00e3o de equil\u00edbrio e matura\u00e7\u00e3o em barricas de carvalho. Cor amarelo m\u00e9dio, excelente acidez e m\u00e1xima express\u00e3o arom\u00e1tica, t\u00edpica do Viognier, destacando-se frutas como damasco e p\u00eassego, com notas de carvalho e seu tostado em harmonia. No paladar, \u00e9 longo, untuoso, com notas de mel e damasco, caracter\u00edstica principal da variedade, envolvendo plenamente todos os sentidos da degusta\u00e7\u00e3o e proporcionando um prazer \u00fanico ao apreci\u00e1-lo.<\/p>\n","protected":false},"featured_media":842,"comment_status":"open","ping_status":"closed","template":"","meta":{"_joinchat":[]},"product_brand":[],"product_cat":[20,22],"product_tag":[],"class_list":{"0":"post-843","1":"product","2":"type-product","3":"status-publish","4":"has-post-thumbnail","6":"product_cat-blancos","7":"product_cat-viognier","9":"first","10":"instock","11":"shipping-taxable","12":"purchasable","13":"product-type-simple"},"_links":{"self":[{"href":"https:\/\/canteramontesdeoca.com.uy\/pt\/wp-json\/wp\/v2\/product\/843","targetHints":{"allow":["GET"]}}],"collection":[{"href":"https:\/\/canteramontesdeoca.com.uy\/pt\/wp-json\/wp\/v2\/product"}],"about":[{"href":"https:\/\/canteramontesdeoca.com.uy\/pt\/wp-json\/wp\/v2\/types\/product"}],"replies":[{"embeddable":true,"href":"https:\/\/canteramontesdeoca.com.uy\/pt\/wp-json\/wp\/v2\/comments?post=843"}],"wp:featuredmedia":[{"embeddable":true,"href":"https:\/\/canteramontesdeoca.com.uy\/pt\/wp-json\/wp\/v2\/media\/842"}],"wp:attachment":[{"href":"https:\/\/canteramontesdeoca.com.uy\/pt\/wp-json\/wp\/v2\/media?parent=843"}],"wp:term":[{"taxonomy":"product_brand","embeddable":true,"href":"https:\/\/canteramontesdeoca.com.uy\/pt\/wp-json\/wp\/v2\/product_brand?post=843"},{"taxonomy":"product_cat","embeddable":true,"href":"https:\/\/canteramontesdeoca.com.uy\/pt\/wp-json\/wp\/v2\/product_cat?post=843"},{"taxonomy":"product_tag","embeddable":true,"href":"https:\/\/canteramontesdeoca.com.uy\/pt\/wp-json\/wp\/v2\/product_tag?post=843"}],"curies":[{"name":"wp","href":"https:\/\/api.w.org\/{rel}","templated":true}]}}